{"id":893,"date":"2021-02-05T09:41:11","date_gmt":"2021-02-05T08:41:11","guid":{"rendered":"https:\/\/www.musica.at\/schmuck\/shop\/?post_type=product&#038;p=893"},"modified":"2021-02-05T10:49:21","modified_gmt":"2021-02-05T09:49:21","slug":"halskette-mit-violinschlussel-anhanger","status":"publish","type":"product","link":"https:\/\/www.musica.at\/schmuck\/shop\/anhaenger\/halskette-mit-violinschlussel-anhanger\/","title":{"rendered":"Halskette mit Violinschl\u00fcssel Anh\u00e4nger"},"content":{"rendered":"<div class=\"detailmodule_image\"><img decoding=\"async\" class=\"detail-desc-decorate-image\" src=\"https:\/\/ae01.alicdn.com\/kf\/HTB1M_f5a7T2gK0jSZFkq6AIQFXax.jpg\" \/><img decoding=\"async\" class=\"detail-desc-decorate-image\" src=\"https:\/\/ae01.alicdn.com\/kf\/HTB1utr6a7L0gK0jSZFxq6xWHVXaP.jpg\" \/><img decoding=\"async\" class=\"detail-desc-decorate-image\" src=\"https:\/\/ae01.alicdn.com\/kf\/HTB1or_2aV67gK0jSZPfq6yhhFXaF.jpg\" \/><img decoding=\"async\" class=\"detail-desc-decorate-image\" src=\"https:\/\/ae01.alicdn.com\/kf\/HTB14tGHblr0gK0jSZFnq6zRRXXaQ.jpg\" \/><\/div>\n<div class=\"detailmodule_text-image\"><img decoding=\"async\" class=\"detail-desc-decorate-image\" src=\"https:\/\/ae01.alicdn.com\/kf\/HTB1BO24a7P2gK0jSZPxq6ycQpXay.jpg\" \/><\/div>\n","protected":false},"excerpt":{"rendered":"<p>Halskette\u00a0 (45cm) mit Notenschl\u00fcssel (Violinschl\u00fcssel ) Anh\u00e4nger (2.2cm) Cacana Stainless Steel Necklace For Women Man Musical Symbol Gold And Silver Color Pendant Necklace Engagement Jewelry<br \/>\nAnbieter: <a href=\"https:\/\/www.musica.at\/ali\/store.php?s=2012008\" title=\"Cacana Official Store\" rel=\"nofollow\">Cacana Official Store<\/a><\/p>\n","protected":false},"featured_media":869,"template":"","meta":[],"product_brand":[],"product_cat":[19],"product_tag":[28,122,27],"class_list":{"0":"post-893","1":"product","2":"type-product","3":"status-publish","4":"has-post-thumbnail","6":"product_cat-anhaenger","7":"product_tag-anhanger","8":"product_tag-notenschlussel","9":"product_tag-violinschlussel","11":"first","12":"instock","13":"shipping-taxable","14":"product-type-external"},"_links":{"self":[{"href":"https:\/\/www.musica.at\/schmuck\/wp-json\/wp\/v2\/product\/893","targetHints":{"allow":["GET"]}}],"collection":[{"href":"https:\/\/www.musica.at\/schmuck\/wp-json\/wp\/v2\/product"}],"about":[{"href":"https:\/\/www.musica.at\/schmuck\/wp-json\/wp\/v2\/types\/product"}],"wp:featuredmedia":[{"embeddable":true,"href":"https:\/\/www.musica.at\/schmuck\/wp-json\/wp\/v2\/media\/869"}],"wp:attachment":[{"href":"https:\/\/www.musica.at\/schmuck\/wp-json\/wp\/v2\/media?parent=893"}],"wp:term":[{"taxonomy":"product_brand","embeddable":true,"href":"https:\/\/www.musica.at\/schmuck\/wp-json\/wp\/v2\/product_brand?post=893"},{"taxonomy":"product_cat","embeddable":true,"href":"https:\/\/www.musica.at\/schmuck\/wp-json\/wp\/v2\/product_cat?post=893"},{"taxonomy":"product_tag","embeddable":true,"href":"https:\/\/www.musica.at\/schmuck\/wp-json\/wp\/v2\/product_tag?post=893"}],"curies":[{"name":"wp","href":"https:\/\/api.w.org\/{rel}","templated":true}]}}