{"id":771,"date":"2021-02-05T08:19:44","date_gmt":"2021-02-05T07:19:44","guid":{"rendered":"https:\/\/www.musica.at\/schmuck\/shop\/?post_type=product&#038;p=771"},"modified":"2021-02-05T09:30:33","modified_gmt":"2021-02-05T08:30:33","slug":"schlusselring-mit-violinschlussel-leder","status":"publish","type":"product","link":"https:\/\/www.musica.at\/schmuck\/shop\/schlusselring\/schlusselring-mit-violinschlussel-leder\/","title":{"rendered":"Schl\u00fcsselring mit Violinschl\u00fcssel, Leder"},"content":{"rendered":"<p>Brand:\u00a0LiuJun Jewelry<br \/>\nStyle:Fashion Jewelry\u00a0Keychain<br \/>\nMaterial: Environmental\u00a0Zinc Alloy,\u00a0leather\u00a0keychain<br \/>\nKeychain\u00a0Length: 13cm<br \/>\nKeychain\u00a0Weight: 21g<br \/>\n<img decoding=\"async\" src=\"https:\/\/ae01.alicdn.com\/kf\/HTB1fcl6Kv5TBuNjSspmq6yDRVXaX.jpg\" alt=\"Schl\u00fcsselring mit Violinschl\u00fcssel Leder 4\" \/><br \/>\n<img decoding=\"async\" src=\"https:\/\/ae01.alicdn.com\/kf\/HTB1TzJyKrGYBuNjy0Foq6AiBFXaA.jpg\" alt=\"Schl\u00fcsselring mit Violinschl\u00fcssel Leder 1\" \/><br \/>\n<img decoding=\"async\" src=\"https:\/\/ae01.alicdn.com\/kf\/HTB1wTHJB5CYBuNkSnaVq6AMsVXaA.jpg\" alt=\"Schl\u00fcsselring mit Violinschl\u00fcssel Leder 3\" \/><br \/>\n<img decoding=\"async\" src=\"https:\/\/ae01.alicdn.com\/kf\/HTB1X0xZKrSYBuNjSspiq6xNzpXa2.jpg\" alt=\"Schl\u00fcsselring mit Violinschl\u00fcssel Leder 2\" \/><\/p>\n","protected":false},"excerpt":{"rendered":"<p>Schl\u00fcsselring, Notenschl\u00fcssel, Violinschl\u00fcssel<br \/>\nLiuJun brands jewelry vintage brown Genuine Leather wing compass musical note keychain handwork alloy Accessories men key chain<br \/>\nAnbieter: <a href=\"https:\/\/www.musica.at\/ali\/store.php?s=2066052\" title=\"Liujun Official Store\" rel=\"nofollow\">Liujun Official Store<\/a><\/p>\n","protected":false},"featured_media":735,"template":"","meta":[],"product_brand":[],"product_cat":[72],"product_tag":[122,94,27],"class_list":{"0":"post-771","1":"product","2":"type-product","3":"status-publish","4":"has-post-thumbnail","6":"product_cat-schlusselring","7":"product_tag-notenschlussel","8":"product_tag-schlusselring","9":"product_tag-violinschlussel","11":"first","12":"instock","13":"shipping-taxable","14":"product-type-external"},"_links":{"self":[{"href":"https:\/\/www.musica.at\/schmuck\/wp-json\/wp\/v2\/product\/771","targetHints":{"allow":["GET"]}}],"collection":[{"href":"https:\/\/www.musica.at\/schmuck\/wp-json\/wp\/v2\/product"}],"about":[{"href":"https:\/\/www.musica.at\/schmuck\/wp-json\/wp\/v2\/types\/product"}],"wp:featuredmedia":[{"embeddable":true,"href":"https:\/\/www.musica.at\/schmuck\/wp-json\/wp\/v2\/media\/735"}],"wp:attachment":[{"href":"https:\/\/www.musica.at\/schmuck\/wp-json\/wp\/v2\/media?parent=771"}],"wp:term":[{"taxonomy":"product_brand","embeddable":true,"href":"https:\/\/www.musica.at\/schmuck\/wp-json\/wp\/v2\/product_brand?post=771"},{"taxonomy":"product_cat","embeddable":true,"href":"https:\/\/www.musica.at\/schmuck\/wp-json\/wp\/v2\/product_cat?post=771"},{"taxonomy":"product_tag","embeddable":true,"href":"https:\/\/www.musica.at\/schmuck\/wp-json\/wp\/v2\/product_tag?post=771"}],"curies":[{"name":"wp","href":"https:\/\/api.w.org\/{rel}","templated":true}]}}