{"id":46,"date":"2021-02-03T01:49:31","date_gmt":"2021-02-03T00:49:31","guid":{"rendered":"https:\/\/www.musica.at\/schmuck\/shop\/?post_type=product&#038;p=46"},"modified":"2021-02-05T09:05:48","modified_gmt":"2021-02-05T08:05:48","slug":"treble-g-clef-pendant","status":"publish","type":"product","link":"https:\/\/www.musica.at\/schmuck\/shop\/anhaenger\/treble-g-clef-pendant\/","title":{"rendered":"Violinschl\u00fcssel Anh\u00e4nger"},"content":{"rendered":"<p>Treble G Clef Pendant<br \/>\nMusic Note Treble Musical Symbol G Clef Gift Statement Gold Color Stainless Steel Snake Chain Pendant Necklace For Woman Man<\/p>\n<p class=\"ql-align-center\"><img decoding=\"async\" src=\"https:\/\/ae01.alicdn.com\/kf\/H2d681ab7717c4fa8a64d23cc450ae50at.jpg?width=1000&amp;height=1415&amp;hash=2415\" \/><img decoding=\"async\" src=\"https:\/\/ae01.alicdn.com\/kf\/H4941ae6b39d34d1d95f30967ce25a6a1x.jpg?width=1000&amp;height=708&amp;hash=1708\" \/><img decoding=\"async\" src=\"https:\/\/ae01.alicdn.com\/kf\/Hfdc1369906a74878bd338b0dc824ed95W.jpg?width=1000&amp;height=485&amp;hash=1485\" \/><img decoding=\"async\" src=\"https:\/\/ae01.alicdn.com\/kf\/H8504cb44e45e4f36aac78303e590f359K.jpg?width=1000&amp;height=477&amp;hash=1477\" \/><img decoding=\"async\" src=\"https:\/\/ae01.alicdn.com\/kf\/H9e7f939405ab49c4bd2c5bd1e0c2c533O.jpg?width=1000&amp;height=452&amp;hash=1452\" \/><img decoding=\"async\" src=\"https:\/\/ae01.alicdn.com\/kf\/H60a67e18376e4ddda7438305dec61a7dk.jpg?width=1000&amp;height=473&amp;hash=1473\" \/><img decoding=\"async\" src=\"https:\/\/ae01.alicdn.com\/kf\/H7e4ffecae71d4e51afbfc969c30702e8v.jpg?width=1000&amp;height=761&amp;hash=1761\" \/><img decoding=\"async\" src=\"https:\/\/ae01.alicdn.com\/kf\/Hdf73290801054c68a51ca6b20f7df8c2b.jpg?width=1000&amp;height=735&amp;hash=1735\" \/><\/p>\n<p><a title=\"fishhook Official Store\" href=\"https:\/\/www.musica.at\/ali\/store.php?s=826637\" rel=\"nofollow\">fishhook Official Store<\/a><\/p>\n","protected":false},"excerpt":{"rendered":"<p>Violinschl\u00fcssel Anh\u00e4nger Musikschmuck Notenschl\u00fcssel G-Schl\u00fcssel<br \/>\nTreble G Clef Pendant<br \/>\nMusic Note Treble Musical Symbol G Clef Gift Statement<br \/>\nNecklace Gold Color Stainless Steel Snake Chain Pendant For Woman &amp; Man<br \/>\nStore: &rarr; <a title=\"Fishhook Official Store\" href=\"https:\/\/www.musica.at\/ali\/store.php?s=826637\" rel=\"nofollow\">Fishhook Official Store<\/a><\/p>\n","protected":false},"featured_media":40,"template":"","meta":[],"product_brand":[],"product_cat":[19],"product_tag":[28,122,27],"class_list":{"0":"post-46","1":"product","2":"type-product","3":"status-publish","4":"has-post-thumbnail","6":"product_cat-anhaenger","7":"product_tag-anhanger","8":"product_tag-notenschlussel","9":"product_tag-violinschlussel","11":"first","12":"instock","13":"shipping-taxable","14":"product-type-external"},"_links":{"self":[{"href":"https:\/\/www.musica.at\/schmuck\/wp-json\/wp\/v2\/product\/46","targetHints":{"allow":["GET"]}}],"collection":[{"href":"https:\/\/www.musica.at\/schmuck\/wp-json\/wp\/v2\/product"}],"about":[{"href":"https:\/\/www.musica.at\/schmuck\/wp-json\/wp\/v2\/types\/product"}],"wp:featuredmedia":[{"embeddable":true,"href":"https:\/\/www.musica.at\/schmuck\/wp-json\/wp\/v2\/media\/40"}],"wp:attachment":[{"href":"https:\/\/www.musica.at\/schmuck\/wp-json\/wp\/v2\/media?parent=46"}],"wp:term":[{"taxonomy":"product_brand","embeddable":true,"href":"https:\/\/www.musica.at\/schmuck\/wp-json\/wp\/v2\/product_brand?post=46"},{"taxonomy":"product_cat","embeddable":true,"href":"https:\/\/www.musica.at\/schmuck\/wp-json\/wp\/v2\/product_cat?post=46"},{"taxonomy":"product_tag","embeddable":true,"href":"https:\/\/www.musica.at\/schmuck\/wp-json\/wp\/v2\/product_tag?post=46"}],"curies":[{"name":"wp","href":"https:\/\/api.w.org\/{rel}","templated":true}]}}