{"id":36,"date":"2021-02-02T13:47:55","date_gmt":"2021-02-02T12:47:55","guid":{"rendered":"https:\/\/www.musica.at\/schmuck\/shop\/?post_type=product&#038;p=36"},"modified":"2021-02-05T09:05:48","modified_gmt":"2021-02-05T08:05:48","slug":"violin-clef-125pcs-music-charms","status":"publish","type":"product","link":"https:\/\/www.musica.at\/schmuck\/shop\/anhaenger\/violin-clef-125pcs-music-charms\/","title":{"rendered":"125 St\u00fcck Violinschl\u00fcssel Anh\u00e4nger 25mm * 10mm"},"content":{"rendered":"<p>Violin Clef 125pcs Music Charms<br \/>\n125 St\u00fcck Violinschl\u00fcssel Anh\u00e4nger &#8211; 25mm * 10mm.<\/p>\n<p><img decoding=\"async\" src=\"https:\/\/ae01.alicdn.com\/kf\/HTB1D.BcboT1gK0jSZFrq6ANCXXaZ.jpg\"><br \/>\n<img decoding=\"async\" src=\"https:\/\/ae01.alicdn.com\/kf\/HTB1ePtdbkT2gK0jSZPcq6AKkpXaq.jpg\"><br \/>\n<img decoding=\"async\" src=\"https:\/\/ae01.alicdn.com\/kf\/HTB1YOBebbH1gK0jSZFwq6A7aXXam.jpg\"><\/p>\n<p><a href=\"https:\/\/www.musica.at\/ali\/store.php?s=712340\" title=\"LinYong Store\" rel=\"nofollow\">LinYong Store<\/a><\/p>\n","protected":false},"excerpt":{"rendered":"<p>125 St\u00fcck Violinschl\u00fcssel Anh\u00e4nger<br \/>\n125pcs Music Note Charms DIY Jewelry Making Pendant<br \/>\nFit Bracelets Necklaces Earrings Handmade Crafts<br \/>\nStore: <a href=\"https:\/\/www.musica.at\/ali\/store.php?s=712340\" title=\"LinYong Store\" rel=\"nofollow\">LinYong Store<\/a><\/p>\n","protected":false},"featured_media":39,"template":"","meta":[],"product_brand":[],"product_cat":[19,24],"product_tag":[28,122,27],"class_list":{"0":"post-36","1":"product","2":"type-product","3":"status-publish","4":"has-post-thumbnail","6":"product_cat-anhaenger","7":"product_cat-charms","8":"product_tag-anhanger","9":"product_tag-notenschlussel","10":"product_tag-violinschlussel","12":"first","13":"instock","14":"shipping-taxable","15":"product-type-external"},"_links":{"self":[{"href":"https:\/\/www.musica.at\/schmuck\/wp-json\/wp\/v2\/product\/36","targetHints":{"allow":["GET"]}}],"collection":[{"href":"https:\/\/www.musica.at\/schmuck\/wp-json\/wp\/v2\/product"}],"about":[{"href":"https:\/\/www.musica.at\/schmuck\/wp-json\/wp\/v2\/types\/product"}],"wp:featuredmedia":[{"embeddable":true,"href":"https:\/\/www.musica.at\/schmuck\/wp-json\/wp\/v2\/media\/39"}],"wp:attachment":[{"href":"https:\/\/www.musica.at\/schmuck\/wp-json\/wp\/v2\/media?parent=36"}],"wp:term":[{"taxonomy":"product_brand","embeddable":true,"href":"https:\/\/www.musica.at\/schmuck\/wp-json\/wp\/v2\/product_brand?post=36"},{"taxonomy":"product_cat","embeddable":true,"href":"https:\/\/www.musica.at\/schmuck\/wp-json\/wp\/v2\/product_cat?post=36"},{"taxonomy":"product_tag","embeddable":true,"href":"https:\/\/www.musica.at\/schmuck\/wp-json\/wp\/v2\/product_tag?post=36"}],"curies":[{"name":"wp","href":"https:\/\/api.w.org\/{rel}","templated":true}]}}