{"id":3521,"date":"2024-04-04T01:29:55","date_gmt":"2024-04-03T23:29:55","guid":{"rendered":"https:\/\/www.musica.at\/schmuck\/?post_type=product&#038;p=3521"},"modified":"2024-04-04T01:34:03","modified_gmt":"2024-04-03T23:34:03","slug":"silberschmuck-925-gitarrenanhaenger","status":"publish","type":"product","link":"https:\/\/www.musica.at\/schmuck\/shop\/anhaenger\/silberschmuck-925-gitarrenanhaenger\/","title":{"rendered":"Silberschmuck (925) Gitarrenanh\u00e4nger"},"content":{"rendered":"<h2>Gitarren anh\u00e4nger im Punk-Stil f\u00fcr M\u00e4nner und Frauen<\/h2>\n<p>Material: 925 sterling silber<br \/>\nGewicht: ca. 5 Gramm<br \/>\nH\u00f6he: 38mm<br \/>\nBreite: 15mm<\/p>\n<h3>Ein Produkt von <a href=\"https:\/\/www.musica.at\/ali\/shop.php?s=1758158\">Huanghe Store<\/a><\/h3>\n<p><img decoding=\"async\" src=\"https:\/\/ae01.alicdn.com\/kf\/H960fd83174aa4441aefce0c8e1318863a.jpg\" \/><img decoding=\"async\" src=\"https:\/\/ae01.alicdn.com\/kf\/H5873ab788161454abc864baec63a96ded.jpg\" \/><img decoding=\"async\" src=\"https:\/\/ae01.alicdn.com\/kf\/H3db3611569e44487b88b074da3c65117f.jpg\" \/><img decoding=\"async\" src=\"https:\/\/ae01.alicdn.com\/kf\/Hd1a9ae38e4d94530824098290f04d3f4Q.jpg\" \/><img decoding=\"async\" src=\"https:\/\/ae01.alicdn.com\/kf\/H0e159de0a3c34720acdb7ea61f9945d9P.jpg\" \/><img decoding=\"async\" src=\"https:\/\/ae01.alicdn.com\/kf\/H8c551cf98d224d2d952c7df753d0c63ac.jpg\" \/><\/p>\n<p>&nbsp;<\/p>\n","protected":false},"excerpt":{"rendered":"<p>BOCAI Neue Echt S925 Sterling Silber Punk Stil Gitarre Anh\u00e4nger f\u00fcr M\u00e4nner und Frauen Personalisierte Hip-Hop Mode Paar schmuck<\/p>\n","protected":false},"featured_media":3515,"template":"","meta":[],"product_brand":[],"product_cat":[19],"product_tag":[28,36,282,283,67,201,281],"class_list":{"0":"post-3521","1":"product","2":"type-product","3":"status-publish","4":"has-post-thumbnail","6":"product_cat-anhaenger","7":"product_tag-anhanger","8":"product_tag-gitarre","9":"product_tag-gitarrenanhaenger","10":"product_tag-instrument","11":"product_tag-musik","12":"product_tag-silber","13":"product_tag-sterling","15":"first","16":"instock","17":"shipping-taxable","18":"product-type-variable"},"_links":{"self":[{"href":"https:\/\/www.musica.at\/schmuck\/wp-json\/wp\/v2\/product\/3521","targetHints":{"allow":["GET"]}}],"collection":[{"href":"https:\/\/www.musica.at\/schmuck\/wp-json\/wp\/v2\/product"}],"about":[{"href":"https:\/\/www.musica.at\/schmuck\/wp-json\/wp\/v2\/types\/product"}],"wp:featuredmedia":[{"embeddable":true,"href":"https:\/\/www.musica.at\/schmuck\/wp-json\/wp\/v2\/media\/3515"}],"wp:attachment":[{"href":"https:\/\/www.musica.at\/schmuck\/wp-json\/wp\/v2\/media?parent=3521"}],"wp:term":[{"taxonomy":"product_brand","embeddable":true,"href":"https:\/\/www.musica.at\/schmuck\/wp-json\/wp\/v2\/product_brand?post=3521"},{"taxonomy":"product_cat","embeddable":true,"href":"https:\/\/www.musica.at\/schmuck\/wp-json\/wp\/v2\/product_cat?post=3521"},{"taxonomy":"product_tag","embeddable":true,"href":"https:\/\/www.musica.at\/schmuck\/wp-json\/wp\/v2\/product_tag?post=3521"}],"curies":[{"name":"wp","href":"https:\/\/api.w.org\/{rel}","templated":true}]}}