{"id":3466,"date":"2024-04-04T00:26:28","date_gmt":"2024-04-03T22:26:28","guid":{"rendered":"https:\/\/www.musica.at\/schmuck\/?post_type=product&#038;p=3466"},"modified":"2024-04-04T00:29:52","modified_gmt":"2024-04-03T22:29:52","slug":"musiker-figuren-als-dekoration","status":"publish","type":"product","link":"https:\/\/www.musica.at\/schmuck\/shop\/skulpturen-figuren\/musiker-figuren-als-dekoration\/","title":{"rendered":"Musiker Figuren als Dekoration"},"content":{"rendered":"<h2>Vintage Spielen Musikinstrumente Band Dekoration Kunst Charakter Modell Statue Kreativit\u00e4t Figuren F\u00fcr Innen Schreibtisch Zubeh\u00f6r Handwerk<\/h2>\n<h3>Ein Produkt von <a href=\"https:\/\/www.musica.at\/ali\/shop.php?s=5383233\">X-Home Store<\/a><\/h3>\n<p class=\"ql-align-center\"><img decoding=\"async\" src=\"https:\/\/ae01.alicdn.com\/kf\/H946dd9c50fed43d6a6c0355f2068d9f18.jpg\" \/><img decoding=\"async\" src=\"https:\/\/ae01.alicdn.com\/kf\/He1939a878d554caca30ff8c2ef1c0b45L.jpg\" \/><img decoding=\"async\" src=\"https:\/\/ae01.alicdn.com\/kf\/H1633686624a344aaa8606ed95bc43389g.jpg\" \/><\/p>\n<p class=\"ql-align-center\"><img decoding=\"async\" src=\"https:\/\/ae01.alicdn.com\/kf\/Hb6d10f0beace42248698efaaab1f4f61E.jpg\" \/><\/p>\n<p class=\"ql-align-center\"><img decoding=\"async\" src=\"https:\/\/ae01.alicdn.com\/kf\/H38ca740a909242aca607b9d5385793b9S.jpg\" \/><img decoding=\"async\" src=\"https:\/\/ae01.alicdn.com\/kf\/Hacdfd2b7ae764bcea5653055188ad4b18.jpg\" \/><img decoding=\"async\" src=\"https:\/\/ae01.alicdn.com\/kf\/H36a6e1c8831049e8ac87659011db69dfZ.jpg\" \/><img decoding=\"async\" src=\"https:\/\/ae01.alicdn.com\/kf\/Hd78d679621884c149a86bcf82d065f6a4.jpg\" \/><\/p>\n<p class=\"ql-align-center\"><img decoding=\"async\" src=\"https:\/\/ae01.alicdn.com\/kf\/H0526ef6c6197442bad55d8f0ecb98dae0.jpg\" \/><img decoding=\"async\" src=\"https:\/\/ae01.alicdn.com\/kf\/Hb5941c96946d4441940ed9fdaf48fb10s.jpg\" \/><img decoding=\"async\" src=\"https:\/\/ae01.alicdn.com\/kf\/Hfcf93e5f224d4868b0f040f5ac9f905cG.jpg\" \/><img decoding=\"async\" src=\"https:\/\/ae01.alicdn.com\/kf\/H49cfa6e2a10640d782997671d675e6f2g.jpg\" \/><\/p>\n<p>&nbsp;<\/p>\n","protected":false},"excerpt":{"rendered":"<p>Vintage Spielen Instrumente Band Dekoration Kunst Charakter Modell Statue Kreativit\u00e4t Figuren F\u00fcr Innen Schreibtisch Zubeh\u00f6r Handwerk<\/p>\n","protected":false},"featured_media":3461,"template":"","meta":[],"product_brand":[],"product_cat":[135],"product_tag":[212,146,211,266,36,141,148,213,207,34],"class_list":{"0":"post-3466","1":"product","2":"type-product","3":"status-publish","4":"has-post-thumbnail","6":"product_cat-skulpturen-figuren","7":"product_tag-band","8":"product_tag-figur","9":"product_tag-figurinen","10":"product_tag-geiger","11":"product_tag-gitarre","12":"product_tag-gitarrist","13":"product_tag-musiker","14":"product_tag-musikgruppe","15":"product_tag-saxophon","16":"product_tag-violine","18":"first","19":"instock","20":"shipping-taxable","21":"product-type-variable"},"_links":{"self":[{"href":"https:\/\/www.musica.at\/schmuck\/wp-json\/wp\/v2\/product\/3466","targetHints":{"allow":["GET"]}}],"collection":[{"href":"https:\/\/www.musica.at\/schmuck\/wp-json\/wp\/v2\/product"}],"about":[{"href":"https:\/\/www.musica.at\/schmuck\/wp-json\/wp\/v2\/types\/product"}],"wp:featuredmedia":[{"embeddable":true,"href":"https:\/\/www.musica.at\/schmuck\/wp-json\/wp\/v2\/media\/3461"}],"wp:attachment":[{"href":"https:\/\/www.musica.at\/schmuck\/wp-json\/wp\/v2\/media?parent=3466"}],"wp:term":[{"taxonomy":"product_brand","embeddable":true,"href":"https:\/\/www.musica.at\/schmuck\/wp-json\/wp\/v2\/product_brand?post=3466"},{"taxonomy":"product_cat","embeddable":true,"href":"https:\/\/www.musica.at\/schmuck\/wp-json\/wp\/v2\/product_cat?post=3466"},{"taxonomy":"product_tag","embeddable":true,"href":"https:\/\/www.musica.at\/schmuck\/wp-json\/wp\/v2\/product_tag?post=3466"}],"curies":[{"name":"wp","href":"https:\/\/api.w.org\/{rel}","templated":true}]}}