{"id":3450,"date":"2024-04-03T23:59:49","date_gmt":"2024-04-03T21:59:49","guid":{"rendered":"https:\/\/www.musica.at\/schmuck\/?post_type=product&#038;p=3450"},"modified":"2024-04-04T00:04:24","modified_gmt":"2024-04-03T22:04:24","slug":"musikerinnen-statuen-dekoration","status":"publish","type":"product","link":"https:\/\/www.musica.at\/schmuck\/shop\/uncategorized\/musikerinnen-statuen-dekoration\/","title":{"rendered":"Musikerinnen Statuen Dekoration"},"content":{"rendered":"<h2><span style=\"color: #000000;\">Musikinstrument Spieler Musiker M\u00e4dchen Keramik Kunst Dekoration Statue Dekoration kreatives Geburtstagsgeschenk<\/span><\/h2>\n<p><span style=\"color: #000000;\">Dekoration,\u00a0<\/span><span style=\"color: #000000;\">Kreatives Geschenk, Geburtstagsgeschenke, Hochzeitsgeschenke, Weihnachtsgeschenke<\/span><\/p>\n<p><span style=\"color: #000000;\">Material: Keramik Stil: Europ\u00e4ischer Stil <\/span><\/p>\n<p><span style=\"color: #000000;\">Typ: M\u00e4dchen, das Geige spielt, M\u00e4dchen, das Cello spielt, M\u00e4dchen, das Klavier spielt<\/span><\/p>\n<h3>Ein Produkt von <a href=\"https:\/\/www.musica.at\/ali\/shop.php?s=1102150088\">YHF Store<\/a><\/h3>\n<p><img decoding=\"async\" src=\"https:\/\/ae01.alicdn.com\/kf\/Sb7d38b06b59b47f283693601bc5b6651G.jpg?width=1000&amp;height=2041&amp;hash=3041\" \/> <img decoding=\"async\" src=\"https:\/\/ae01.alicdn.com\/kf\/Sd344e58be92749708c25fe5b472084d5d.jpg?width=1000&amp;height=2076&amp;hash=3076\" \/> <img decoding=\"async\" src=\"https:\/\/ae01.alicdn.com\/kf\/S2dd8c9b2d90a461b97fcdb4a806eacb5u.jpg?width=1000&amp;height=2544&amp;hash=3544\" \/> \u00a0<img decoding=\"async\" src=\"https:\/\/ae01.alicdn.com\/kf\/S5a29e10a67c143aeb11e921deab93ecfu.jpg?width=1000&amp;height=1783&amp;hash=2783\" \/> <img decoding=\"async\" src=\"https:\/\/ae01.alicdn.com\/kf\/S528c637b5c694df09db4d48f7fe5a225s.jpg?width=1000&amp;height=2049&amp;hash=3049\" \/> <img decoding=\"async\" src=\"https:\/\/ae01.alicdn.com\/kf\/S0302f4f112e74b48bdb88203cfbcedddw.jpg?width=1000&amp;height=1736&amp;hash=2736\" \/> <img decoding=\"async\" src=\"https:\/\/ae01.alicdn.com\/kf\/S4f3bc2071585426b8dd67a02ca906445Q.jpg?width=1000&amp;height=1972&amp;hash=2972\" \/><\/p>\n<p>&nbsp;<\/p>\n","protected":false},"excerpt":{"rendered":"<p>Musik Sch\u00f6nheiten im europ\u00e4ischen Stil Ornamente Wohnaccessoires Musiker Figuren Dekorationen Keramik Statuen kreative Geburtstagsgeschenke<\/p>\n","protected":false},"featured_media":3444,"template":"","meta":[],"product_brand":[],"product_cat":[15,135],"product_tag":[168,210,253,264,148,260,259],"class_list":{"0":"post-3450","1":"product","2":"type-product","3":"status-publish","4":"has-post-thumbnail","6":"product_cat-uncategorized","7":"product_cat-skulpturen-figuren","8":"product_tag-dekoration","9":"product_tag-figuren","10":"product_tag-geschenk","11":"product_tag-keramik","12":"product_tag-musiker","13":"product_tag-requisiten","14":"product_tag-statuen","16":"first","17":"instock","18":"shipping-taxable","19":"product-type-variable"},"_links":{"self":[{"href":"https:\/\/www.musica.at\/schmuck\/wp-json\/wp\/v2\/product\/3450","targetHints":{"allow":["GET"]}}],"collection":[{"href":"https:\/\/www.musica.at\/schmuck\/wp-json\/wp\/v2\/product"}],"about":[{"href":"https:\/\/www.musica.at\/schmuck\/wp-json\/wp\/v2\/types\/product"}],"wp:featuredmedia":[{"embeddable":true,"href":"https:\/\/www.musica.at\/schmuck\/wp-json\/wp\/v2\/media\/3444"}],"wp:attachment":[{"href":"https:\/\/www.musica.at\/schmuck\/wp-json\/wp\/v2\/media?parent=3450"}],"wp:term":[{"taxonomy":"product_brand","embeddable":true,"href":"https:\/\/www.musica.at\/schmuck\/wp-json\/wp\/v2\/product_brand?post=3450"},{"taxonomy":"product_cat","embeddable":true,"href":"https:\/\/www.musica.at\/schmuck\/wp-json\/wp\/v2\/product_cat?post=3450"},{"taxonomy":"product_tag","embeddable":true,"href":"https:\/\/www.musica.at\/schmuck\/wp-json\/wp\/v2\/product_tag?post=3450"}],"curies":[{"name":"wp","href":"https:\/\/api.w.org\/{rel}","templated":true}]}}