{"id":3401,"date":"2024-04-03T07:43:55","date_gmt":"2024-04-03T05:43:55","guid":{"rendered":"https:\/\/www.musica.at\/schmuck\/?post_type=product&#038;p=3401"},"modified":"2024-04-03T07:56:56","modified_gmt":"2024-04-03T05:56:56","slug":"music-is-my-life-wanduhr","status":"publish","type":"product","link":"https:\/\/www.musica.at\/schmuck\/shop\/uhren\/music-is-my-life-wanduhr\/","title":{"rendered":"Music is my Life Wanduhr"},"content":{"rendered":"<h2>Wanduhr Design: &#8222;Music is my Life&#8220; Kopfh\u00f6rer, Schallplatte &#8211; mit oder ohne LED Beleuchtung<\/h2>\n<h3>Ein Produkt von <a href=\"https:\/\/www.musica.at\/ali\/shop.php?s=3859071\">Inthetime Store<\/a><\/h3>\n<h4><strong>Vintage Vinyl-Schallplatten-Wanduhr<\/strong><\/h4>\n<p>Eine trendige Retro-Vinyluhr! Alles mit Liebe und Sorgfalt gemacht.<br \/>\nDiese Aufzeichnungen sollten entsorgt werden und als Uhren ein neues Leben erhalten. Diese Kombination aus recycelten Materialien, hochwertigen Oberfl\u00e4chen und einem modernen Uhrwerk wird Ihre Wand au\u00dfergew\u00f6hnlich machen! Die Schallplatten sind oft alt, jede dieser Schallplattenwanduhren hat ihre eigene Geschichte.<\/p>\n<p>Alle Schallplattenuhren werden mit Leidenschaft hergestellt, daher ist das Design originell und eine perfekte Dekoration an jeder Wand. Sie machen an jedem Ort eine gute Figur, egal ob Kinderzimmer, Spielzimmer, Schlafzimmer, Wohnzimmer, K\u00fcche, B\u00fcro oder Flur. Unsere Uhr ist auch eine perfekte Idee f\u00fcr Geburtstags-, Hochzeits-, Jubil\u00e4ums- oder Weihnachtsgeschenke.<\/p>\n<p><img decoding=\"async\" src=\"https:\/\/ae01.alicdn.com\/kf\/Saaa0fe4dbced4e9d980d3ab5aaceda4dY.jpg\" \/><\/p>\n<p><img decoding=\"async\" src=\"https:\/\/ae01.alicdn.com\/kf\/S12bb84a595fb489394aa3bebe9d4bf295.jpg\" \/> <img decoding=\"async\" src=\"https:\/\/ae01.alicdn.com\/kf\/S6632e22125c149659e47647386042867V.jpg\" \/> <img decoding=\"async\" src=\"https:\/\/ae01.alicdn.com\/kf\/S35b77e3849904cabb5c34b7303b0a0b4c.jpg\" \/><\/p>\n<p><span style=\"color: #000000;\">&#8222;All clocks are made of 12 inch (30 cm) recycled vinyl records. We wish to give them new life but we care about the environment.<\/span><\/p>\n<p><span style=\"color: #000000;\">Batterietyp f\u00fcr die Uhr: Ein St\u00fcck AA Battery (wird nicht mitgeliefert).<\/span><\/p>\n<p><img decoding=\"async\" src=\"https:\/\/ae01.alicdn.com\/kf\/H795dc2333c3942ab861c347e49a16f45R.jpg\" \/><\/p>\n<p><strong>Uhrwerk<\/strong>:<br \/>\nWir verwenden hochwertige, ger\u00e4uschlose, schwebende Ausgleichsmechanismen. Wir m\u00f6chten Ihren Schlaf nicht st\u00f6ren. Ihr guter Schlaf ist uns sehr wichtig.<\/p>\n<p>Die Uhr wird in einer langlebigen, \u00e4sthetischen Verpackung aus Recyclingpapier verschickt. Alles ist professionell verpackt, wir verwenden Styropor in sch\u00fctzenden Abstandshaltern, damit Ihr Produkt allen Herausforderungen w\u00e4hrend des Versands standh\u00e4lt. Wir stelle sicher, dass Ihr Paket so schnell wie m\u00f6glich und unversehrt sein neues zu Hause erreicht.<\/p>\n<p><img decoding=\"async\" src=\"https:\/\/ae01.alicdn.com\/kf\/S8945eaadaaba4384bbbaced82b0fdcdc4.jpg\" \/><\/p>\n<p><span style=\"color: #000000;\">A superb gift for any occasion and a good decoration for a bedroom, a child room, a living room, a bar, a shop, a cafe, a restaurant and parties.<\/span><\/p>\n<p><img decoding=\"async\" src=\"https:\/\/ae01.alicdn.com\/kf\/S48b551ab062749528330946424e6bffdl.jpg\" \/> <img decoding=\"async\" src=\"https:\/\/ae01.alicdn.com\/kf\/Sea71ba6934fe49c384f596667d15ac9aV.jpg\" \/> <img decoding=\"async\" src=\"https:\/\/ae01.alicdn.com\/kf\/S14304edc6ce945b7a7cacd8351208699C.jpg\" \/> <img decoding=\"async\" src=\"https:\/\/ae01.alicdn.com\/kf\/S08c7084c49d949deb0ae33c5f4c3068cx.jpg\" \/><\/p>\n<p><strong>LED-Beleuchtungsfunktion:<\/strong><br \/>\nSie erhalten eine 16-Tasten-Fernbedienung, mit der Sie die Farben der Wanduhr anpassen k\u00f6nnen. Die LED-Komponente wird \u00fcber USB mit Strom versorgt. Der 5-V-DC-Adapter wird zusammen mit Ihrer Lieferadresse verschickt.<\/p>\n<p><strong>Mehrere Farben ver\u00e4nderbar:<\/strong><br \/>\nWenn Sie sich f\u00fcr die LED-Beleuchtungswanduhr entscheiden, erhalten Sie eine 16-Tasten-Fernbedienung, mit der Sie die Farben der LED-Vinylleuchte anpassen k\u00f6nnen. Mit der Fernbedienung haben Sie eine Vielzahl von Lichteinstellungen, darunter das Ein- und Ausschalten des Lichts, das Anhalten oder Abspielen, das Dimmen oder \u00c4ndern der Lichtgeschwindigkeit sowie das Erstellen eines Regenbogens aus Farben. Es eignet sich perfekt als Wanddekoration und ist auch gro\u00dfartig als Geschenk.<\/p>\n<p>F\u00fcr den Betrieb der Fernbedienung ist eine CR2025-Batterie (nicht im Lieferumfang enthalten) erforderlich. Die LED-Komponente wird \u00fcber USB mit Strom versorgt.<\/p>\n<p><img decoding=\"async\" src=\"https:\/\/ae01.alicdn.com\/kf\/Scf4156b7d6fe4253a12789e6354e2ac8K.jpg\" \/><\/p>\n<h3>Besuchen Sie den <a href=\"https:\/\/www.musica.at\/ali\/shop.php?s=3859071\">Inthetime Store<\/a>, f\u00fcr viele weitere Designs!<\/h3>\n","protected":false},"excerpt":{"rendered":"<p>Musik Ist Mein Leben Music is my Life Musik Inspirational Quote Home Decor Musik Kopfh\u00f6rer Wanduhr Rock n Roll Vintage Vinyl Record Wanduhr<\/p>\n","protected":false},"featured_media":3397,"template":"","meta":[],"product_brand":[],"product_cat":[20],"product_tag":[237,168,151,236,235,238,234,125],"class_list":{"0":"post-3401","1":"product","2":"type-product","3":"status-publish","4":"has-post-thumbnail","6":"product_cat-uhren","7":"product_tag-beleuchtung","8":"product_tag-dekoration","9":"product_tag-kopfhorer","10":"product_tag-led","11":"product_tag-schallplatte","12":"product_tag-uhrwerk","13":"product_tag-vinyl","14":"product_tag-wanduhr","16":"first","17":"instock","18":"shipping-taxable","19":"product-type-variable"},"_links":{"self":[{"href":"https:\/\/www.musica.at\/schmuck\/wp-json\/wp\/v2\/product\/3401","targetHints":{"allow":["GET"]}}],"collection":[{"href":"https:\/\/www.musica.at\/schmuck\/wp-json\/wp\/v2\/product"}],"about":[{"href":"https:\/\/www.musica.at\/schmuck\/wp-json\/wp\/v2\/types\/product"}],"wp:featuredmedia":[{"embeddable":true,"href":"https:\/\/www.musica.at\/schmuck\/wp-json\/wp\/v2\/media\/3397"}],"wp:attachment":[{"href":"https:\/\/www.musica.at\/schmuck\/wp-json\/wp\/v2\/media?parent=3401"}],"wp:term":[{"taxonomy":"product_brand","embeddable":true,"href":"https:\/\/www.musica.at\/schmuck\/wp-json\/wp\/v2\/product_brand?post=3401"},{"taxonomy":"product_cat","embeddable":true,"href":"https:\/\/www.musica.at\/schmuck\/wp-json\/wp\/v2\/product_cat?post=3401"},{"taxonomy":"product_tag","embeddable":true,"href":"https:\/\/www.musica.at\/schmuck\/wp-json\/wp\/v2\/product_tag?post=3401"}],"curies":[{"name":"wp","href":"https:\/\/api.w.org\/{rel}","templated":true}]}}