{"id":3394,"date":"2024-04-03T02:12:20","date_gmt":"2024-04-03T00:12:20","guid":{"rendered":"https:\/\/www.musica.at\/schmuck\/?post_type=product&#038;p=3394"},"modified":"2024-04-03T07:57:28","modified_gmt":"2024-04-03T05:57:28","slug":"gitarre-wanduhr-dekor","status":"publish","type":"product","link":"https:\/\/www.musica.at\/schmuck\/shop\/uhren\/gitarre-wanduhr-dekor\/","title":{"rendered":"Gitarre Wanduhr Dekor"},"content":{"rendered":"<h2>Akustische Gitarre Wand Kunst Wanduhr Musical Instrument Home Interior Wand Dekor Vinyl Record Wanduhr Rock&#8217;n&#8217;Roll Musical Geschenk<\/h2>\n<h3>Ein Produkt von <a href=\"https:\/\/www.musica.at\/ali\/shop.php?s=3859071\">Inthetime Store<\/a><\/h3>\n<p><img decoding=\"async\" src=\"https:\/\/ae01.alicdn.com\/kf\/Sef506981050a4114b2b7f046268006d1i.jpg\" \/><\/p>\n<p>&nbsp;<\/p>\n<p class=\"ql-align-center\"><strong style=\"color: #000000;\">Vintage Schallplatte Wanduhr mit oder ohne LED Beleuchtung<\/strong><\/p>\n<p><span style=\"color: #000000;\">Eine Retro Vinyl Uhr.\u00a0\u00a0<\/span><span style=\"color: #000000;\">Diese Schallplatten wurden f\u00fcr Entsorgung vorgesehen, doch so serhalten sie ein neues Leben als dekorative Wanduhren. Die Kombination von Recycling Materialien und neue, qualitativ hochwertige Technik macht diese Wanduhren zu etwas Au\u00dfergew\u00f6hnlichen! Jede Uhr hat ihre eigene Geschichte.<\/span><\/p>\n<p><span style=\"color: #000000;\">Alle Wanduhren sind gemacht mit Leidenschaft, daher is das Design immer original und macht diese Uhren zhu einer perfekt Dekoration auf jeder Wand. Diese Musikuhren sind auch eine perfektes Geschenkidee f\u00fcr Geburtstag, Hochzeit, Jahrestag oder als Weihnachtsgeschenk.<\/span><\/p>\n<p><img decoding=\"async\" src=\"https:\/\/ae01.alicdn.com\/kf\/S2068848ee64249d984f7f7becd7c693bg.jpg\" \/><img decoding=\"async\" src=\"https:\/\/ae01.alicdn.com\/kf\/S3aa53921b07748ecb514d5e97b4c3228M.jpg\" \/><img decoding=\"async\" src=\"https:\/\/ae01.alicdn.com\/kf\/S01a5ddbb5ed5441ab6d644e85517305df.jpg\" \/><img decoding=\"async\" src=\"https:\/\/ae01.alicdn.com\/kf\/S6f1534f6d9084f42a6249912963b518cK.jpg\" \/><\/p>\n<p><strong style=\"color: #000000;\">SPEZIFIKATION:<\/strong><\/p>\n<p><span style=\"color: #000000;\">Alle uhren sind aus 12 zoll (30 cm) recyceltem vinyl aufzeichnungen. Wir wollen geben sie neues leben, aber wir pflege \u00fcber die umwelt.<\/span><\/p>\n<p>&nbsp;<\/p>\n<p><span style=\"color: #000000;\">Uhr Gesicht ist ein Aufkleber<\/span><\/p>\n<p><span style=\"color: #000000;\">Vinyl Record Label Nach Dem Zufall Gesendet<\/span><\/p>\n<p><span style=\"color: #000000;\">Batterie Typ: 1 AA Batterie (Nicht enthalten)<\/span><\/p>\n<p><strong style=\"color: #000000;\">UHR MECHANISMUS:<\/strong><\/p>\n<p><span style=\"color: #000000;\">Wir verwenden hochwertige stille schwimm balance mechanismen. Wir w\u00fcrden nicht wollen zu st\u00f6ren ihren schlaf. Ihre gute nacht schlaf ist von gro\u00dfer bedeutung zu uns.<\/span><\/p>\n<p>&nbsp;<\/p>\n<p><strong style=\"color: #000000;\">VERPACKUNG<\/strong><\/p>\n<p><span style=\"color: #000000;\">Die uhr ist senden in eine dauerhafte, \u00e4sthetische verpackung aus recyceltem papier. Alles ist professionell gewickelt, wir verwenden styropor innen schutzh\u00fclle spacer in auftrag f\u00fcr ihr produkt zu widerstehen alle die herausforderungen w\u00e4hrend der versand :). Wir machen alle anstrengungen zu machen ihr paket erreicht seine ziel so bald wie m\u00f6glich und unverletzt.<\/span><\/p>\n<p><img decoding=\"async\" src=\"https:\/\/ae01.alicdn.com\/kf\/S4db2d5ee0de548fdb4b050c3c31d2d60l.jpg\" \/><\/p>\n<p><strong style=\"color: #000000;\">Die Hause von Uhren<\/strong><\/p>\n<p><span style=\"color: #000000;\">, Der zeit ist unsere business-beginnend mit dem design und gehen durch, um die end uhr. Wenn sie sind behandlung von sich selbst oder die das geschenk von zeit wir k\u00f6nnen machen ihre uhr extra spezielle durch personalisierung es mit ein name oder sogar ihre eigenen einzigartigen design.<\/span><\/p>\n<p>&nbsp;<\/p>\n<p><span style=\"color: #000000;\">Nur lassen sie uns wissen die themen und designs, die sie uns machen wollen, oder sie k\u00f6nnen senden die bild von ihr Logo und Marke, wir werden senden sie die design skizze innerhalb von 24 stunden. Sie werden in der lage, es zu \u00fcberpr\u00fcfen, kommentar auf es und fragen f\u00fcr revisionen (wenn erforderlich) bis sie sind voll zufrieden mit die design.<\/span><\/p>\n<p><img decoding=\"async\" src=\"https:\/\/ae01.alicdn.com\/kf\/Sbc63487ac9e64787a535f9ca82d19098H.jpg\" \/><img decoding=\"async\" src=\"https:\/\/ae01.alicdn.com\/kf\/S58f3c50838ca445894dc126424ae6db20.jpg\" \/><img decoding=\"async\" src=\"https:\/\/ae01.alicdn.com\/kf\/S3d7374dbed8844848b9d94204f32181fd.jpg\" \/><\/p>\n<p><strong style=\"color: #000000;\">LED Beleuchtung Funktion:<\/strong><\/p>\n<p><span style=\"color: #000000;\">In fall sie w\u00e4hlen die uhr mit led-hintergrundbeleuchtung, sie wird gegeben werden 16 Tasten fernbedienung anpassen die farben der wanduhr. Die LED komponente ist USB angetrieben. Die 5V DC adapter wird zusammen gesendet werden nach ihre verschiffen adresse.<\/span><\/p>\n<p><img decoding=\"async\" src=\"https:\/\/ae01.alicdn.com\/kf\/S3b6cec6c88784fff8384061d4c7333c30.jpg\" \/><img decoding=\"async\" src=\"https:\/\/ae01.alicdn.com\/kf\/Seffad57a51c4451bab48ab0f24b08829K.jpg\" \/><img decoding=\"async\" src=\"https:\/\/ae01.alicdn.com\/kf\/S891b94a5f2be406ba3e06a137293861dL.jpg\" \/><img decoding=\"async\" src=\"https:\/\/ae01.alicdn.com\/kf\/Sd316c00717be43359ba5ee3a928892c2N.jpg\" \/><img decoding=\"async\" src=\"https:\/\/ae01.alicdn.com\/kf\/S984525bf6f234f30a32844b48dd927218.jpg\" \/><img decoding=\"async\" src=\"https:\/\/ae01.alicdn.com\/kf\/S5156da6c5f4949609e91e4bdfdbcd008b.jpg\" \/><img decoding=\"async\" src=\"https:\/\/ae01.alicdn.com\/kf\/S86b58edf3aab479eb1a7603a5a4526f7h.jpg\" \/><img decoding=\"async\" src=\"https:\/\/ae01.alicdn.com\/kf\/Sdacb0e5a07ab413faf2672d34d8a7672C.jpg\" \/><\/p>\n<p><strong style=\"color: #000000;\">Mehrere Farben und einstellbar<\/strong><\/p>\n<p><span style=\"color: #000000;\">Wenn sie die Wanduhr mit LED Beleuchtung w\u00e4hlen, bekommen Sie auch eine 16 Tasten Fernbedienung mit welcher Sie die Beleuchtung anpassen k\u00f6lnnen. <\/span><span style=\"color: #000000;\">Mit der Fernbedienung, haben sie eine Vielzahl von unterschuiedlichen Lichteinstellungsm\u00f6glichkeiten.<\/span><\/p>\n<p><span style=\"color: #000000;\">Die Fernbedienung erfordern eine CR2025 Batterie, welche aus versandtechnischen Gr\u00fcnden nicht enthalten ist.\u00a0<\/span><\/p>\n<h3>Besuchen Sie den <a href=\"https:\/\/www.musica.at\/ali\/shop.php?s=3859071\">Inthetime Store<\/a>, f\u00fcr viele weitere Designs!<\/h3>\n","protected":false},"excerpt":{"rendered":"<p>Akustische Gitarre Wand Kunst Wanduhr Musical Instrument Home Interior Wand Dekor Vinyl Record Wanduhr Rock&#8217;n&#8217;Roll Musical Geschenk. <strong style=\"color: #000000;\">Vintage Schallplatte Wanduhr mit oder ohne LED Beleuchtung<\/strong><\/p>\n","protected":false},"featured_media":3388,"template":"","meta":[],"product_brand":[],"product_cat":[20],"product_tag":[237,168,36,236,235,238,234,125],"class_list":{"0":"post-3394","1":"product","2":"type-product","3":"status-publish","4":"has-post-thumbnail","6":"product_cat-uhren","7":"product_tag-beleuchtung","8":"product_tag-dekoration","9":"product_tag-gitarre","10":"product_tag-led","11":"product_tag-schallplatte","12":"product_tag-uhrwerk","13":"product_tag-vinyl","14":"product_tag-wanduhr","16":"first","17":"instock","18":"shipping-taxable","19":"product-type-variable"},"_links":{"self":[{"href":"https:\/\/www.musica.at\/schmuck\/wp-json\/wp\/v2\/product\/3394","targetHints":{"allow":["GET"]}}],"collection":[{"href":"https:\/\/www.musica.at\/schmuck\/wp-json\/wp\/v2\/product"}],"about":[{"href":"https:\/\/www.musica.at\/schmuck\/wp-json\/wp\/v2\/types\/product"}],"wp:featuredmedia":[{"embeddable":true,"href":"https:\/\/www.musica.at\/schmuck\/wp-json\/wp\/v2\/media\/3388"}],"wp:attachment":[{"href":"https:\/\/www.musica.at\/schmuck\/wp-json\/wp\/v2\/media?parent=3394"}],"wp:term":[{"taxonomy":"product_brand","embeddable":true,"href":"https:\/\/www.musica.at\/schmuck\/wp-json\/wp\/v2\/product_brand?post=3394"},{"taxonomy":"product_cat","embeddable":true,"href":"https:\/\/www.musica.at\/schmuck\/wp-json\/wp\/v2\/product_cat?post=3394"},{"taxonomy":"product_tag","embeddable":true,"href":"https:\/\/www.musica.at\/schmuck\/wp-json\/wp\/v2\/product_tag?post=3394"}],"curies":[{"name":"wp","href":"https:\/\/api.w.org\/{rel}","templated":true}]}}