{"id":3277,"date":"2024-04-02T08:59:21","date_gmt":"2024-04-02T06:59:21","guid":{"rendered":"https:\/\/www.musica.at\/schmuck\/?post_type=product&#038;p=3277"},"modified":"2024-04-02T09:01:01","modified_gmt":"2024-04-02T07:01:01","slug":"fluegel-grand-piano-anhaenger","status":"publish","type":"product","link":"https:\/\/www.musica.at\/schmuck\/shop\/anhaenger\/fluegel-grand-piano-anhaenger\/","title":{"rendered":"Fl\u00fcgel (Grand Piano) Anh\u00e4nger"},"content":{"rendered":"<h3>Fl\u00fcgel Klavier Halskette Musik kette klassische reine Kristall Zirkon Konzert Geschenk f\u00fcr Mann &amp; Frau Schmuck<\/h3>\n<p><img decoding=\"async\" src=\"https:\/\/ae01.alicdn.com\/kf\/S3f3ec3dd27564000a9b6edb89a833ae0U.jpg\" \/> <img decoding=\"async\" src=\"https:\/\/ae01.alicdn.com\/kf\/S32748ae0fd484a9db29e9404f85ef8141.jpg\" \/> <img decoding=\"async\" src=\"https:\/\/ae01.alicdn.com\/kf\/S5b9e03f59bb74f88a7046f74f946b40dP.jpg\" \/> <img decoding=\"async\" src=\"https:\/\/ae01.alicdn.com\/kf\/Se0345d77969e480e88f2bdc32049f3d9i.jpg\" \/> <img decoding=\"async\" src=\"https:\/\/ae01.alicdn.com\/kf\/S6bc929834e954a8fae97f511da0d583cs.jpg\" \/> <img decoding=\"async\" src=\"https:\/\/ae01.alicdn.com\/kf\/S59b389f9e7844c03b347e9c9e6189c10X.jpg\" \/> <img decoding=\"async\" src=\"https:\/\/ae01.alicdn.com\/kf\/S2af2553394734bde9d4fdc406ab8400dI.jpg\" \/><\/p>\n","protected":false},"excerpt":{"rendered":"<p>Grand Piano, Klavier, Konzertfl\u00fcgel, Halskette Musik Kette Klassisch Kristall Zirkon Konzert Schmuck Geschenk f\u00fcr Mann &amp; Frau<\/p>\n","protected":false},"featured_media":3271,"template":"","meta":[],"product_brand":[],"product_cat":[19],"product_tag":[28,177,130,176,106],"class_list":{"0":"post-3277","1":"product","2":"type-product","3":"status-publish","4":"has-post-thumbnail","6":"product_cat-anhaenger","7":"product_tag-anhanger","8":"product_tag-fluegel","9":"product_tag-klavier","10":"product_tag-konzertfluegel","11":"product_tag-kristallsteine","13":"first","14":"instock","15":"shipping-taxable","16":"product-type-variable"},"_links":{"self":[{"href":"https:\/\/www.musica.at\/schmuck\/wp-json\/wp\/v2\/product\/3277","targetHints":{"allow":["GET"]}}],"collection":[{"href":"https:\/\/www.musica.at\/schmuck\/wp-json\/wp\/v2\/product"}],"about":[{"href":"https:\/\/www.musica.at\/schmuck\/wp-json\/wp\/v2\/types\/product"}],"wp:featuredmedia":[{"embeddable":true,"href":"https:\/\/www.musica.at\/schmuck\/wp-json\/wp\/v2\/media\/3271"}],"wp:attachment":[{"href":"https:\/\/www.musica.at\/schmuck\/wp-json\/wp\/v2\/media?parent=3277"}],"wp:term":[{"taxonomy":"product_brand","embeddable":true,"href":"https:\/\/www.musica.at\/schmuck\/wp-json\/wp\/v2\/product_brand?post=3277"},{"taxonomy":"product_cat","embeddable":true,"href":"https:\/\/www.musica.at\/schmuck\/wp-json\/wp\/v2\/product_cat?post=3277"},{"taxonomy":"product_tag","embeddable":true,"href":"https:\/\/www.musica.at\/schmuck\/wp-json\/wp\/v2\/product_tag?post=3277"}],"curies":[{"name":"wp","href":"https:\/\/api.w.org\/{rel}","templated":true}]}}