{"id":327,"date":"2021-02-04T01:36:59","date_gmt":"2021-02-04T00:36:59","guid":{"rendered":"https:\/\/www.musica.at\/schmuck\/shop\/?post_type=product&#038;p=327"},"modified":"2021-02-05T09:05:47","modified_gmt":"2021-02-05T08:05:47","slug":"schlusselanhanger-sax-vilolinschlussel-buchstabe","status":"publish","type":"product","link":"https:\/\/www.musica.at\/schmuck\/shop\/schlusselring\/schlusselanhanger-sax-vilolinschlussel-buchstabe\/","title":{"rendered":"Schl\u00fcsselanh\u00e4nger Sax, Vilolinschl\u00fcssel + Buchstabe"},"content":{"rendered":"<p>Schl\u00fcsselanh\u00e4nger mit Saxofon, Notenschl\u00fcssel und Buchstaben nach Wahl<br \/>\nMaterial: <span style=\"color: #000000;\">High quality alloy<br \/>\n<\/span><span style=\"color: #000000;\">Packing: 1 pcs<br \/>\n<\/span>Choose your Letter<\/p>\n<p><img decoding=\"async\" src=\"https:\/\/ae01.alicdn.com\/kf\/H6e00f0556903461c8609216f5ecba4ffr.jpg\" \/><img decoding=\"async\" src=\"https:\/\/ae01.alicdn.com\/kf\/Hb8757211e05040759be86a21f3a9c89eS.jpg\" \/><img decoding=\"async\" src=\"https:\/\/ae01.alicdn.com\/kf\/H613b95c1b1ed4dfbb0f497a22db32fabS.jpg\" \/><\/p>\n","protected":false},"excerpt":{"rendered":"<p>Schl\u00fcsselanh\u00e4nger Saxofon mit Violinschl\u00fcssel und Buchstabe nach Wahl<br \/>\nPersonality Saxophone Keychain Saxophonist Key chain Gift for Jazz Musician<br \/>\nKeyring Sax Present Treble Clef initial Music Charms<\/p>\n","protected":false},"featured_media":323,"template":"","meta":[],"product_brand":[],"product_cat":[72],"product_tag":[81,122,83,78,27],"class_list":{"0":"post-327","1":"product","2":"type-product","3":"status-publish","4":"has-post-thumbnail","6":"product_cat-schlusselring","7":"product_tag-buchstabe","8":"product_tag-notenschlussel","9":"product_tag-saxofon","10":"product_tag-schlusselanhanger","11":"product_tag-violinschlussel","13":"first","14":"instock","15":"shipping-taxable","16":"product-type-external"},"_links":{"self":[{"href":"https:\/\/www.musica.at\/schmuck\/wp-json\/wp\/v2\/product\/327","targetHints":{"allow":["GET"]}}],"collection":[{"href":"https:\/\/www.musica.at\/schmuck\/wp-json\/wp\/v2\/product"}],"about":[{"href":"https:\/\/www.musica.at\/schmuck\/wp-json\/wp\/v2\/types\/product"}],"wp:featuredmedia":[{"embeddable":true,"href":"https:\/\/www.musica.at\/schmuck\/wp-json\/wp\/v2\/media\/323"}],"wp:attachment":[{"href":"https:\/\/www.musica.at\/schmuck\/wp-json\/wp\/v2\/media?parent=327"}],"wp:term":[{"taxonomy":"product_brand","embeddable":true,"href":"https:\/\/www.musica.at\/schmuck\/wp-json\/wp\/v2\/product_brand?post=327"},{"taxonomy":"product_cat","embeddable":true,"href":"https:\/\/www.musica.at\/schmuck\/wp-json\/wp\/v2\/product_cat?post=327"},{"taxonomy":"product_tag","embeddable":true,"href":"https:\/\/www.musica.at\/schmuck\/wp-json\/wp\/v2\/product_tag?post=327"}],"curies":[{"name":"wp","href":"https:\/\/api.w.org\/{rel}","templated":true}]}}