{"id":296,"date":"2021-02-04T01:33:35","date_gmt":"2021-02-04T00:33:35","guid":{"rendered":"https:\/\/www.musica.at\/schmuck\/shop\/?post_type=product&#038;p=296"},"modified":"2021-02-05T09:05:47","modified_gmt":"2021-02-05T08:05:47","slug":"schlusselanhanger-mikrofon-vilolinschlussel-buchstabe","status":"publish","type":"product","link":"https:\/\/www.musica.at\/schmuck\/shop\/schlusselring\/schlusselanhanger-mikrofon-vilolinschlussel-buchstabe\/","title":{"rendered":"Schl\u00fcsselanh\u00e4nger Mikrofon, Vilolinschl\u00fcssel + Buchstabe"},"content":{"rendered":"<p>Schl\u00fcsselanh\u00e4nger mit Mikrophon, Violinschl\u00fcssel und Buchstabe nach Wahl<br \/>\n<strong style=\"color: #000000;\">Material: <\/strong><span style=\"color: #000000;\">High quality alloy<br \/>\n<\/span><span style=\"color: #000000;\">Packing: 1 pcs<br \/>\n<\/span><strong style=\"color: #000000;\">Choose your letter<br \/>\n<\/strong><strong style=\"color: #000000;\">Factory direct sales<br \/>\nHa<\/strong><strong style=\"color: #000000;\">ndmade Keychain<\/strong><\/p>\n<p><img decoding=\"async\" src=\"https:\/\/ae01.alicdn.com\/kf\/He3072125b3fc44439dc5e796c162dc21m.jpg\" \/><img decoding=\"async\" src=\"https:\/\/ae01.alicdn.com\/kf\/H5988e4b7c3c94232bd20efd7661f67f8N.jpg\" \/><\/p>\n<p><img decoding=\"async\" src=\"https:\/\/ae01.alicdn.com\/kf\/Hb8757211e05040759be86a21f3a9c89eS.jpg\" \/><img decoding=\"async\" src=\"https:\/\/ae01.alicdn.com\/kf\/H4446b6c47f8742ff84db78b982f09b3f1.jpg\" \/><\/p>\n<p>&nbsp;<\/p>\n","protected":false},"excerpt":{"rendered":"<p>Schl\u00fcsselring Mikrofon mit Violinschl\u00fcssel und Buchstabe nach Wahl<br \/>\nHandmade Jewelry Microphone Keychain Music Keychain Metal Keychain Microphone Keyring Initial Jewelry<\/p>\n","protected":false},"featured_media":291,"template":"","meta":[],"product_brand":[],"product_cat":[72],"product_tag":[81,82,122,78,27],"class_list":{"0":"post-296","1":"product","2":"type-product","3":"status-publish","4":"has-post-thumbnail","6":"product_cat-schlusselring","7":"product_tag-buchstabe","8":"product_tag-mikrofon","9":"product_tag-notenschlussel","10":"product_tag-schlusselanhanger","11":"product_tag-violinschlussel","13":"first","14":"instock","15":"shipping-taxable","16":"product-type-external"},"_links":{"self":[{"href":"https:\/\/www.musica.at\/schmuck\/wp-json\/wp\/v2\/product\/296","targetHints":{"allow":["GET"]}}],"collection":[{"href":"https:\/\/www.musica.at\/schmuck\/wp-json\/wp\/v2\/product"}],"about":[{"href":"https:\/\/www.musica.at\/schmuck\/wp-json\/wp\/v2\/types\/product"}],"wp:featuredmedia":[{"embeddable":true,"href":"https:\/\/www.musica.at\/schmuck\/wp-json\/wp\/v2\/media\/291"}],"wp:attachment":[{"href":"https:\/\/www.musica.at\/schmuck\/wp-json\/wp\/v2\/media?parent=296"}],"wp:term":[{"taxonomy":"product_brand","embeddable":true,"href":"https:\/\/www.musica.at\/schmuck\/wp-json\/wp\/v2\/product_brand?post=296"},{"taxonomy":"product_cat","embeddable":true,"href":"https:\/\/www.musica.at\/schmuck\/wp-json\/wp\/v2\/product_cat?post=296"},{"taxonomy":"product_tag","embeddable":true,"href":"https:\/\/www.musica.at\/schmuck\/wp-json\/wp\/v2\/product_tag?post=296"}],"curies":[{"name":"wp","href":"https:\/\/api.w.org\/{rel}","templated":true}]}}