{"id":2859,"date":"2021-06-17T03:44:50","date_gmt":"2021-06-17T01:44:50","guid":{"rendered":"https:\/\/www.musica.at\/schmuck\/?post_type=product&#038;p=2859"},"modified":"2021-06-17T04:04:40","modified_gmt":"2021-06-17T02:04:40","slug":"eleganter-anhaenger-herz-mit-violinschluessel-und-ihren-namen","status":"publish","type":"product","link":"https:\/\/www.musica.at\/schmuck\/shop\/anhaenger\/eleganter-anhaenger-herz-mit-violinschluessel-und-ihren-namen\/","title":{"rendered":"Eleganter Anh\u00e4nger Herz mit Violinschl\u00fcssel und Ihren Namen"},"content":{"rendered":"<h2>Personalisierter, eleganter Anh\u00e4nger Herz, Violinschl\u00fcssel und eigenen Namen!<\/h2>\n<p><img decoding=\"async\" src=\"https:\/\/ae01.alicdn.com\/kf\/H409e9230048d487cac3c1bb9af1ec115S.jpg\" alt=\"Personalisierter, eleganter Anh\u00e4nger Herz, Violinschl\u00fcssel und eigenen Namen\" \/><br \/>\n<img decoding=\"async\" src=\"https:\/\/ae01.alicdn.com\/kf\/Hc9e05209776a4037a1d975dbb8769837v.jpg\" alt=\"Personalisierter, eleganter Anh\u00e4nger Herz, Violinschl\u00fcssel und eigenen Namen\" \/><br \/>\n<img decoding=\"async\" src=\"https:\/\/ae01.alicdn.com\/kf\/H988a00805d5c44e899898b0ba830a4da7.jpg\" alt=\"Personalisierter, eleganter Anh\u00e4nger Herz, Violinschl\u00fcssel und eigenen Namen\" \/><br \/>\n<img decoding=\"async\" src=\"https:\/\/ae01.alicdn.com\/kf\/He42fc6659b0549eb9533b5d43bf4a155z.jpg\" alt=\"Personalisierter, eleganter Anh\u00e4nger Herz, Violinschl\u00fcssel und eigenen Namen\" \/><br \/>\n<img decoding=\"async\" src=\"https:\/\/ae01.alicdn.com\/kf\/Ha381d71c5cce4400ab7480153e5a6250I.jpg\" alt=\"Personalisierter, eleganter Anh\u00e4nger Herz, Violinschl\u00fcssel und eigenen Namen\" \/><br \/>\n<img decoding=\"async\" src=\"https:\/\/ae01.alicdn.com\/kf\/H096a52b9bf044864adb6ef47d8989d4fp.jpg\" alt=\"Personalisierter, eleganter Anh\u00e4nger Herz, Violinschl\u00fcssel und eigenen Namen\" \/><\/p>\n<h3 class=\"prodlink2\">Verk\u00e4ufer: <a title=\"Vnox Store\" href=\"https:\/\/www.musica.at\/ali\/store.php?s=1086326\" rel=\"nofollow\">Vnox Store<\/a><\/h3>\n","protected":false},"excerpt":{"rendered":"<p>Vnox Elegant Heart Pendant with Name Personalized Women Necklace Musician Note Birthday Gift Music Academy Graduation Gift<\/p>\n","protected":false},"featured_media":2856,"template":"","meta":[],"product_brand":[],"product_cat":[19],"product_tag":[28,70,164,27],"class_list":{"0":"post-2859","1":"product","2":"type-product","3":"status-publish","4":"has-post-thumbnail","6":"product_cat-anhaenger","7":"product_tag-anhanger","8":"product_tag-herz","9":"product_tag-personalisiert","10":"product_tag-violinschlussel","12":"first","13":"instock","14":"sale","15":"shipping-taxable","16":"purchasable","17":"product-type-variable"},"_links":{"self":[{"href":"https:\/\/www.musica.at\/schmuck\/wp-json\/wp\/v2\/product\/2859","targetHints":{"allow":["GET"]}}],"collection":[{"href":"https:\/\/www.musica.at\/schmuck\/wp-json\/wp\/v2\/product"}],"about":[{"href":"https:\/\/www.musica.at\/schmuck\/wp-json\/wp\/v2\/types\/product"}],"wp:featuredmedia":[{"embeddable":true,"href":"https:\/\/www.musica.at\/schmuck\/wp-json\/wp\/v2\/media\/2856"}],"wp:attachment":[{"href":"https:\/\/www.musica.at\/schmuck\/wp-json\/wp\/v2\/media?parent=2859"}],"wp:term":[{"taxonomy":"product_brand","embeddable":true,"href":"https:\/\/www.musica.at\/schmuck\/wp-json\/wp\/v2\/product_brand?post=2859"},{"taxonomy":"product_cat","embeddable":true,"href":"https:\/\/www.musica.at\/schmuck\/wp-json\/wp\/v2\/product_cat?post=2859"},{"taxonomy":"product_tag","embeddable":true,"href":"https:\/\/www.musica.at\/schmuck\/wp-json\/wp\/v2\/product_tag?post=2859"}],"curies":[{"name":"wp","href":"https:\/\/api.w.org\/{rel}","templated":true}]}}