{"id":2603,"date":"2021-02-24T10:16:09","date_gmt":"2021-02-24T09:16:09","guid":{"rendered":"https:\/\/www.musica.at\/schmuck\/?post_type=product&#038;p=2603"},"modified":"2021-04-28T03:34:44","modified_gmt":"2021-04-28T01:34:44","slug":"flotenanhanger-mit-halskette","status":"publish","type":"product","link":"https:\/\/www.musica.at\/schmuck\/shop\/anhaenger\/flotenanhanger-mit-halskette\/","title":{"rendered":"Fl\u00f6tenanh\u00e4nger mit Halskette"},"content":{"rendered":"<p>Anh\u00e4nger Fl\u00f6te mit Halskette<\/p>\n<p class=\"ql-align-center\"><img decoding=\"async\" src=\"https:\/\/ae01.alicdn.com\/kf\/HTB171h3djfguuRjSspkq6xchpXaI.jpg\" alt=\"Fl\u00f6tenanh\u00e4nger mit Halskette\" \/><img decoding=\"async\" src=\"https:\/\/ae01.alicdn.com\/kf\/HTB1SPkfKf9TBuNjy1zbq6xpepXav.jpg\" alt=\"Fl\u00f6tenanh\u00e4nger mit Halskette\" \/><img decoding=\"async\" src=\"https:\/\/ae01.alicdn.com\/kf\/HTB1Dv.HKhSYBuNjSspjq6x73VXae.jpg\" alt=\"Fl\u00f6tenanh\u00e4nger mit Halskette\" \/><img decoding=\"async\" src=\"https:\/\/ae01.alicdn.com\/kf\/HTB1NpAXB3KTBuNkSne1q6yJoXXat.jpg\" alt=\"Fl\u00f6tenanh\u00e4nger mit Halskette\" \/><img decoding=\"async\" src=\"https:\/\/ae01.alicdn.com\/kf\/HTB1Psu6BZyYBuNkSnfoq6AWgVXaW.jpg\" alt=\"Fl\u00f6tenanh\u00e4nger mit Halskette\" \/><\/p>\n","protected":false},"excerpt":{"rendered":"<p>Fl\u00f6tenanh\u00e4nger mit Halskette Fl\u00f6te Anh\u00e4nger silber New Collection Flute Bar-type Bamboo Necklaces Pendant For Women Fashion Jewelry<\/p>\n","protected":false},"featured_media":2817,"template":"","meta":[],"product_brand":[],"product_cat":[19],"product_tag":[28,79],"class_list":{"0":"post-2603","1":"product","2":"type-product","3":"status-publish","4":"has-post-thumbnail","6":"product_cat-anhaenger","7":"product_tag-anhanger","8":"product_tag-flote","10":"first","11":"instock","12":"shipping-taxable","13":"product-type-external"},"_links":{"self":[{"href":"https:\/\/www.musica.at\/schmuck\/wp-json\/wp\/v2\/product\/2603","targetHints":{"allow":["GET"]}}],"collection":[{"href":"https:\/\/www.musica.at\/schmuck\/wp-json\/wp\/v2\/product"}],"about":[{"href":"https:\/\/www.musica.at\/schmuck\/wp-json\/wp\/v2\/types\/product"}],"wp:featuredmedia":[{"embeddable":true,"href":"https:\/\/www.musica.at\/schmuck\/wp-json\/wp\/v2\/media\/2817"}],"wp:attachment":[{"href":"https:\/\/www.musica.at\/schmuck\/wp-json\/wp\/v2\/media?parent=2603"}],"wp:term":[{"taxonomy":"product_brand","embeddable":true,"href":"https:\/\/www.musica.at\/schmuck\/wp-json\/wp\/v2\/product_brand?post=2603"},{"taxonomy":"product_cat","embeddable":true,"href":"https:\/\/www.musica.at\/schmuck\/wp-json\/wp\/v2\/product_cat?post=2603"},{"taxonomy":"product_tag","embeddable":true,"href":"https:\/\/www.musica.at\/schmuck\/wp-json\/wp\/v2\/product_tag?post=2603"}],"curies":[{"name":"wp","href":"https:\/\/api.w.org\/{rel}","templated":true}]}}