{"id":197,"date":"2021-02-04T00:25:53","date_gmt":"2021-02-03T23:25:53","guid":{"rendered":"https:\/\/www.musica.at\/schmuck\/shop\/?post_type=product&#038;p=197"},"modified":"2021-02-05T09:05:47","modified_gmt":"2021-02-05T08:05:47","slug":"violinschlussel-noten-partneranhanger","status":"publish","type":"product","link":"https:\/\/www.musica.at\/schmuck\/shop\/anhaenger\/violinschlussel-noten-partneranhanger\/","title":{"rendered":"Violinschl\u00fcssel Noten Partneranh\u00e4nger"},"content":{"rendered":"<p>&nbsp;<\/p>\n<h1 class=\"ql-align-center\"><img decoding=\"async\" src=\"https:\/\/ae01.alicdn.com\/kf\/HTB1Qd2Gb7fb_uJkSnfoq6z_epXab.jpg\" alt=\"150N76--HH1A1689--1435993171\" \/><img decoding=\"async\" src=\"https:\/\/ae01.alicdn.com\/kf\/HTB1qItth3LD8KJjSszeq6yGRpXaA.jpg\" alt=\"150N76--HH1A3460JPG--1435993217\" \/><img decoding=\"async\" src=\"https:\/\/ae01.alicdn.com\/kf\/HTB1_dxlh9_I8KJjy0Foq6yFnVXaQ.jpg\" alt=\"150N76--HH1A2503JPG--1435993211\" \/><img decoding=\"async\" src=\"https:\/\/ae01.alicdn.com\/kf\/HTB1nlOXcvQs8KJjSZFEq6A9RpXaP.jpg\" alt=\"150N76--HH1A2458--1435993182\" \/><img decoding=\"async\" src=\"https:\/\/ae01.alicdn.com\/kf\/HTB1nu4vh3fH8KJjy1zcq6ATzpXaG.jpg\" alt=\"150N76--HH1A2483JPG--1435993205\" \/><img decoding=\"async\" src=\"https:\/\/ae01.alicdn.com\/kf\/HTB1ADlDh4PI8KJjSspoq6x6MFXa0.jpg\" alt=\"150N76--HH1A1689--1435993176\" \/><img decoding=\"async\" src=\"https:\/\/ae01.alicdn.com\/kf\/HTB1._Q1hJbJ8KJjy1zjq6yqapXaA.jpg\" alt=\"150N76--HH1A1687--1435993159\" \/><img decoding=\"async\" src=\"https:\/\/ae01.alicdn.com\/kf\/HTB15706hZLJ8KJjy0Fnq6AFDpXao.jpg\" alt=\"S12P5--HH1A8585JPG--1435371595\" \/><\/h1>\n","protected":false},"excerpt":{"rendered":"<p>Zwei St\u00fcck Partneranh\u00e4nger Violinschl\u00fcssel mit Noten<br \/>\n&#8222;I Love You&#8220; &#8211; &#8222;Love You&#8220;<br \/>\n2 pcs\/pair Romantic Musical Note Shape Paired Pendants<br \/>\nNecklace Valentine&#8217;s Day Couple Necklace For Lover Girlfriend Gift Set<br \/>\nVerk\u00e4ufer: <a href=\"https:\/\/www.musica.at\/ali\/store.php?s=119152\" title=\"Elegant Lady's Jewelry Store\" rel=\"nofollow\">Elegant Lady&#8217;s Jewelry Store<\/a><\/p>\n","protected":false},"featured_media":191,"template":"","meta":[],"product_brand":[],"product_cat":[19],"product_tag":[28,30,122,56,27],"class_list":{"0":"post-197","1":"product","2":"type-product","3":"status-publish","4":"has-post-thumbnail","6":"product_cat-anhaenger","7":"product_tag-anhanger","8":"product_tag-noten","9":"product_tag-notenschlussel","10":"product_tag-partneranhanger","11":"product_tag-violinschlussel","13":"first","14":"instock","15":"shipping-taxable","16":"product-type-external"},"_links":{"self":[{"href":"https:\/\/www.musica.at\/schmuck\/wp-json\/wp\/v2\/product\/197","targetHints":{"allow":["GET"]}}],"collection":[{"href":"https:\/\/www.musica.at\/schmuck\/wp-json\/wp\/v2\/product"}],"about":[{"href":"https:\/\/www.musica.at\/schmuck\/wp-json\/wp\/v2\/types\/product"}],"wp:featuredmedia":[{"embeddable":true,"href":"https:\/\/www.musica.at\/schmuck\/wp-json\/wp\/v2\/media\/191"}],"wp:attachment":[{"href":"https:\/\/www.musica.at\/schmuck\/wp-json\/wp\/v2\/media?parent=197"}],"wp:term":[{"taxonomy":"product_brand","embeddable":true,"href":"https:\/\/www.musica.at\/schmuck\/wp-json\/wp\/v2\/product_brand?post=197"},{"taxonomy":"product_cat","embeddable":true,"href":"https:\/\/www.musica.at\/schmuck\/wp-json\/wp\/v2\/product_cat?post=197"},{"taxonomy":"product_tag","embeddable":true,"href":"https:\/\/www.musica.at\/schmuck\/wp-json\/wp\/v2\/product_tag?post=197"}],"curies":[{"name":"wp","href":"https:\/\/api.w.org\/{rel}","templated":true}]}}