{"id":1686,"date":"2021-02-07T13:40:53","date_gmt":"2021-02-07T12:40:53","guid":{"rendered":"https:\/\/www.musica.at\/schmuck\/shop\/?post_type=product&#038;p=1686"},"modified":"2021-02-07T13:52:21","modified_gmt":"2021-02-07T12:52:21","slug":"violinschlussel-bassschlussel-herz","status":"publish","type":"product","link":"https:\/\/www.musica.at\/schmuck\/shop\/anhaenger\/violinschlussel-bassschlussel-herz\/","title":{"rendered":"Violinschl\u00fcssel + Bassschl\u00fcssel = Herz"},"content":{"rendered":"<p><img loading=\"lazy\" decoding=\"async\" class=\"alignnone size-full wp-image-1739\" src=\"https:\/\/www.musica.at\/schmuck\/shop\/wp-content\/uploads\/2021\/02\/Todorova-Stainless-Steel-Necklaces-for-Women-Music-Note-Heart-of-Treble-and-Bass-Clefs-Infinity-Love-26.jpg_640x640-26.jpg\" alt=\"\" width=\"640\" height=\"640\" \/><\/p>\n","protected":false},"excerpt":{"rendered":"<p>Violinschl\u00fcssel + Bassschl\u00fcssel = Herz Anh\u00e4nger Todorova Stainless Steel Necklaces for Women Music Note Heart of Treble and Bass Clefs Infinity Love Charm Pendant Necklace<br \/>\nAnbieter: <a title=\"Todorova Store\" href=\"https:\/\/www.musica.at\/ali\/store.php?s=2791096\" rel=\"nofollow\">Todorova Store<\/a><\/p>\n","protected":false},"featured_media":1680,"template":"","meta":[],"product_brand":[],"product_cat":[19],"product_tag":[71,70,122,27],"class_list":{"0":"post-1686","1":"product","2":"type-product","3":"status-publish","4":"has-post-thumbnail","6":"product_cat-anhaenger","7":"product_tag-bassschlussel","8":"product_tag-herz","9":"product_tag-notenschlussel","10":"product_tag-violinschlussel","12":"first","13":"instock","14":"shipping-taxable","15":"product-type-external"},"_links":{"self":[{"href":"https:\/\/www.musica.at\/schmuck\/wp-json\/wp\/v2\/product\/1686","targetHints":{"allow":["GET"]}}],"collection":[{"href":"https:\/\/www.musica.at\/schmuck\/wp-json\/wp\/v2\/product"}],"about":[{"href":"https:\/\/www.musica.at\/schmuck\/wp-json\/wp\/v2\/types\/product"}],"wp:featuredmedia":[{"embeddable":true,"href":"https:\/\/www.musica.at\/schmuck\/wp-json\/wp\/v2\/media\/1680"}],"wp:attachment":[{"href":"https:\/\/www.musica.at\/schmuck\/wp-json\/wp\/v2\/media?parent=1686"}],"wp:term":[{"taxonomy":"product_brand","embeddable":true,"href":"https:\/\/www.musica.at\/schmuck\/wp-json\/wp\/v2\/product_brand?post=1686"},{"taxonomy":"product_cat","embeddable":true,"href":"https:\/\/www.musica.at\/schmuck\/wp-json\/wp\/v2\/product_cat?post=1686"},{"taxonomy":"product_tag","embeddable":true,"href":"https:\/\/www.musica.at\/schmuck\/wp-json\/wp\/v2\/product_tag?post=1686"}],"curies":[{"name":"wp","href":"https:\/\/api.w.org\/{rel}","templated":true}]}}