{"id":135,"date":"2021-02-03T23:51:31","date_gmt":"2021-02-03T22:51:31","guid":{"rendered":"https:\/\/www.musica.at\/schmuck\/shop\/?post_type=product&#038;p=135"},"modified":"2021-02-05T09:05:48","modified_gmt":"2021-02-05T08:05:48","slug":"violinschlussel-anhanger-gros","status":"publish","type":"product","link":"https:\/\/www.musica.at\/schmuck\/shop\/anhaenger\/violinschlussel-anhanger-gros\/","title":{"rendered":"Violinschl\u00fcssel Anh\u00e4nger gro\u00df"},"content":{"rendered":"<p>Gro\u00dfer Violinschl\u00fcssel Anh\u00e4nger<br \/>\n(siehe Bild)<\/p>\n","protected":false},"excerpt":{"rendered":"<p>Gro\u00dfer Anh\u00e4nger Violinschl\u00fcssel 61 x 22mm<br \/>\nNecklaces For Women Big Musical Note Pendant<br \/>\n61x22mm Silver Plated Color Fashion Jewelry<br \/>\nVerk\u00e4ufer: <a href=\"https:\/\/www.musica.at\/ali\/store.php?s=4655144\" title=\"Malzahar Store\" rel=\"nofollow\">Malzahar Store<\/a><\/p>\n","protected":false},"featured_media":134,"template":"","meta":[],"product_brand":[],"product_cat":[19],"product_tag":[28,122,27],"class_list":{"0":"post-135","1":"product","2":"type-product","3":"status-publish","4":"has-post-thumbnail","6":"product_cat-anhaenger","7":"product_tag-anhanger","8":"product_tag-notenschlussel","9":"product_tag-violinschlussel","11":"first","12":"instock","13":"shipping-taxable","14":"product-type-external"},"_links":{"self":[{"href":"https:\/\/www.musica.at\/schmuck\/wp-json\/wp\/v2\/product\/135","targetHints":{"allow":["GET"]}}],"collection":[{"href":"https:\/\/www.musica.at\/schmuck\/wp-json\/wp\/v2\/product"}],"about":[{"href":"https:\/\/www.musica.at\/schmuck\/wp-json\/wp\/v2\/types\/product"}],"wp:featuredmedia":[{"embeddable":true,"href":"https:\/\/www.musica.at\/schmuck\/wp-json\/wp\/v2\/media\/134"}],"wp:attachment":[{"href":"https:\/\/www.musica.at\/schmuck\/wp-json\/wp\/v2\/media?parent=135"}],"wp:term":[{"taxonomy":"product_brand","embeddable":true,"href":"https:\/\/www.musica.at\/schmuck\/wp-json\/wp\/v2\/product_brand?post=135"},{"taxonomy":"product_cat","embeddable":true,"href":"https:\/\/www.musica.at\/schmuck\/wp-json\/wp\/v2\/product_cat?post=135"},{"taxonomy":"product_tag","embeddable":true,"href":"https:\/\/www.musica.at\/schmuck\/wp-json\/wp\/v2\/product_tag?post=135"}],"curies":[{"name":"wp","href":"https:\/\/api.w.org\/{rel}","templated":true}]}}